{"id":152,"date":"2021-05-18T01:54:43","date_gmt":"2021-05-18T01:54:43","guid":{"rendered":"https:\/\/molinoliguay.cl\/index.php\/about\/"},"modified":"2024-06-05T02:47:09","modified_gmt":"2024-06-05T02:47:09","slug":"historia","status":"publish","type":"page","link":"https:\/\/molinoliguay.cl\/index.php\/historia\/","title":{"rendered":"Historia"},"content":{"rendered":"\t\t<div data-elementor-type=\"wp-page\" data-elementor-id=\"152\" class=\"elementor elementor-152\">\n\t\t\t\t\t\t<section class=\"elementor-section elementor-top-section elementor-element elementor-element-de4320f elementor-section-boxed elementor-section-height-default elementor-section-height-default\" data-id=\"de4320f\" data-element_type=\"section\" data-settings=\"{&quot;background_background&quot;:&quot;classic&quot;}\">\n\t\t\t\t\t\t<div class=\"elementor-container elementor-column-gap-no\">\n\t\t\t\t\t<div class=\"elementor-column elementor-col-100 elementor-top-column elementor-element elementor-element-7bdf3cf\" data-id=\"7bdf3cf\" data-element_type=\"column\">\n\t\t\t<div class=\"elementor-widget-wrap elementor-element-populated\">\n\t\t\t\t\t\t<div class=\"elementor-element elementor-element-61bec78 elementor-widget elementor-widget-heading\" data-id=\"61bec78\" data-element_type=\"widget\" data-widget_type=\"heading.default\">\n\t\t\t\t<div class=\"elementor-widget-container\">\n\t\t\t<style>\/*! elementor - v3.22.0 - 26-06-2024 *\/\n.elementor-heading-title{padding:0;margin:0;line-height:1}.elementor-widget-heading .elementor-heading-title[class*=elementor-size-]>a{color:inherit;font-size:inherit;line-height:inherit}.elementor-widget-heading .elementor-heading-title.elementor-size-small{font-size:15px}.elementor-widget-heading .elementor-heading-title.elementor-size-medium{font-size:19px}.elementor-widget-heading .elementor-heading-title.elementor-size-large{font-size:29px}.elementor-widget-heading .elementor-heading-title.elementor-size-xl{font-size:39px}.elementor-widget-heading .elementor-heading-title.elementor-size-xxl{font-size:59px}<\/style><h1 class=\"elementor-heading-title elementor-size-default\">Historia<\/h1>\t\t<\/div>\n\t\t\t\t<\/div>\n\t\t\t\t\t<\/div>\n\t\t<\/div>\n\t\t\t\t\t<\/div>\n\t\t<\/section>\n\t\t\t\t<section class=\"elementor-section elementor-top-section elementor-element elementor-element-34a55b3 elementor-section-boxed elementor-section-height-default elementor-section-height-default\" data-id=\"34a55b3\" data-element_type=\"section\" data-settings=\"{&quot;background_background&quot;:&quot;classic&quot;}\">\n\t\t\t\t\t\t<div class=\"elementor-container elementor-column-gap-no\">\n\t\t\t\t\t<div class=\"elementor-column elementor-col-50 elementor-top-column elementor-element elementor-element-6b51a29\" data-id=\"6b51a29\" data-element_type=\"column\">\n\t\t\t<div class=\"elementor-widget-wrap elementor-element-populated\">\n\t\t\t\t\t\t<div class=\"elementor-element elementor-element-0208b8c elementor-widget elementor-widget-heading\" data-id=\"0208b8c\" data-element_type=\"widget\" data-widget_type=\"heading.default\">\n\t\t\t\t<div class=\"elementor-widget-container\">\n\t\t\t<h2 class=\"elementor-heading-title elementor-size-default\">Desde 1955 Produciendo la mejor harina por generaciones.<\/h2>\t\t<\/div>\n\t\t\t\t<\/div>\n\t\t\t\t<div class=\"elementor-element elementor-element-007526f elementor-widget-mobile__width-inherit elementor-widget-divider--view-line elementor-widget elementor-widget-divider\" data-id=\"007526f\" data-element_type=\"widget\" data-widget_type=\"divider.default\">\n\t\t\t\t<div class=\"elementor-widget-container\">\n\t\t\t<style>\/*! elementor - v3.22.0 - 26-06-2024 *\/\n.elementor-widget-divider{--divider-border-style:none;--divider-border-width:1px;--divider-color:#0c0d0e;--divider-icon-size:20px;--divider-element-spacing:10px;--divider-pattern-height:24px;--divider-pattern-size:20px;--divider-pattern-url:none;--divider-pattern-repeat:repeat-x}.elementor-widget-divider .elementor-divider{display:flex}.elementor-widget-divider .elementor-divider__text{font-size:15px;line-height:1;max-width:95%}.elementor-widget-divider .elementor-divider__element{margin:0 var(--divider-element-spacing);flex-shrink:0}.elementor-widget-divider .elementor-icon{font-size:var(--divider-icon-size)}.elementor-widget-divider .elementor-divider-separator{display:flex;margin:0;direction:ltr}.elementor-widget-divider--view-line_icon .elementor-divider-separator,.elementor-widget-divider--view-line_text .elementor-divider-separator{align-items:center}.elementor-widget-divider--view-line_icon .elementor-divider-separator:after,.elementor-widget-divider--view-line_icon .elementor-divider-separator:before,.elementor-widget-divider--view-line_text .elementor-divider-separator:after,.elementor-widget-divider--view-line_text .elementor-divider-separator:before{display:block;content:\"\";border-block-end:0;flex-grow:1;border-block-start:var(--divider-border-width) var(--divider-border-style) var(--divider-color)}.elementor-widget-divider--element-align-left .elementor-divider .elementor-divider-separator>.elementor-divider__svg:first-of-type{flex-grow:0;flex-shrink:100}.elementor-widget-divider--element-align-left .elementor-divider-separator:before{content:none}.elementor-widget-divider--element-align-left .elementor-divider__element{margin-left:0}.elementor-widget-divider--element-align-right .elementor-divider .elementor-divider-separator>.elementor-divider__svg:last-of-type{flex-grow:0;flex-shrink:100}.elementor-widget-divider--element-align-right .elementor-divider-separator:after{content:none}.elementor-widget-divider--element-align-right .elementor-divider__element{margin-right:0}.elementor-widget-divider--element-align-start .elementor-divider .elementor-divider-separator>.elementor-divider__svg:first-of-type{flex-grow:0;flex-shrink:100}.elementor-widget-divider--element-align-start .elementor-divider-separator:before{content:none}.elementor-widget-divider--element-align-start .elementor-divider__element{margin-inline-start:0}.elementor-widget-divider--element-align-end .elementor-divider .elementor-divider-separator>.elementor-divider__svg:last-of-type{flex-grow:0;flex-shrink:100}.elementor-widget-divider--element-align-end .elementor-divider-separator:after{content:none}.elementor-widget-divider--element-align-end .elementor-divider__element{margin-inline-end:0}.elementor-widget-divider:not(.elementor-widget-divider--view-line_text):not(.elementor-widget-divider--view-line_icon) .elementor-divider-separator{border-block-start:var(--divider-border-width) var(--divider-border-style) var(--divider-color)}.elementor-widget-divider--separator-type-pattern{--divider-border-style:none}.elementor-widget-divider--separator-type-pattern.elementor-widget-divider--view-line .elementor-divider-separator,.elementor-widget-divider--separator-type-pattern:not(.elementor-widget-divider--view-line) .elementor-divider-separator:after,.elementor-widget-divider--separator-type-pattern:not(.elementor-widget-divider--view-line) .elementor-divider-separator:before,.elementor-widget-divider--separator-type-pattern:not([class*=elementor-widget-divider--view]) .elementor-divider-separator{width:100%;min-height:var(--divider-pattern-height);-webkit-mask-size:var(--divider-pattern-size) 100%;mask-size:var(--divider-pattern-size) 100%;-webkit-mask-repeat:var(--divider-pattern-repeat);mask-repeat:var(--divider-pattern-repeat);background-color:var(--divider-color);-webkit-mask-image:var(--divider-pattern-url);mask-image:var(--divider-pattern-url)}.elementor-widget-divider--no-spacing{--divider-pattern-size:auto}.elementor-widget-divider--bg-round{--divider-pattern-repeat:round}.rtl .elementor-widget-divider .elementor-divider__text{direction:rtl}.e-con-inner>.elementor-widget-divider,.e-con>.elementor-widget-divider{width:var(--container-widget-width,100%);--flex-grow:var(--container-widget-flex-grow)}<\/style>\t\t<div class=\"elementor-divider\">\n\t\t\t<span class=\"elementor-divider-separator\">\n\t\t\t\t\t\t<\/span>\n\t\t<\/div>\n\t\t\t\t<\/div>\n\t\t\t\t<\/div>\n\t\t\t\t\t<\/div>\n\t\t<\/div>\n\t\t\t\t<div class=\"elementor-column elementor-col-50 elementor-top-column elementor-element elementor-element-fe6bc00\" data-id=\"fe6bc00\" data-element_type=\"column\">\n\t\t\t<div class=\"elementor-widget-wrap elementor-element-populated\">\n\t\t\t\t\t\t<div class=\"elementor-element elementor-element-6cc629f elementor-widget elementor-widget-text-editor\" data-id=\"6cc629f\" data-element_type=\"widget\" data-widget_type=\"text-editor.default\">\n\t\t\t\t<div class=\"elementor-widget-container\">\n\t\t\t<style>\/*! elementor - v3.22.0 - 26-06-2024 *\/\n.elementor-widget-text-editor.elementor-drop-cap-view-stacked .elementor-drop-cap{background-color:#69727d;color:#fff}.elementor-widget-text-editor.elementor-drop-cap-view-framed .elementor-drop-cap{color:#69727d;border:3px solid;background-color:transparent}.elementor-widget-text-editor:not(.elementor-drop-cap-view-default) .elementor-drop-cap{margin-top:8px}.elementor-widget-text-editor:not(.elementor-drop-cap-view-default) .elementor-drop-cap-letter{width:1em;height:1em}.elementor-widget-text-editor .elementor-drop-cap{float:left;text-align:center;line-height:1;font-size:50px}.elementor-widget-text-editor .elementor-drop-cap-letter{display:inline-block}<\/style>\t\t\t\t<p>Hace m\u00e1s de medio siglo, don Juan de Dios Fern\u00e1ndez Guajardo construy\u00f3 el majestuoso Molino Liguay en 1955, en la comuna de Longav\u00ed, a orillas del r\u00edo al cual debe su nombre. A lo largo de los a\u00f1os, ha resistido los embates del tiempo, erigi\u00e9ndose como un s\u00edmbolo de tenacidad y perseverancia.<\/p><p>El molino, estrat\u00e9gicamente ubicado junto a los puentes de concreto y ferroviario, se conecta con la ciudad de Longav\u00ed. Su logotipo corporativo muestra un ave F\u00e9nix, evocando su historia, ya que en los convulsos a\u00f1os 70, fue consumido por las llamas debido a cuestiones pol\u00edticas. Sin embargo, al igual que el F\u00e9nix renace de sus cenizas, el molino se levant\u00f3 nuevamente.<\/p><p>Hoy, Molino Liguay se erige como un testigo vivo de la historia y la resiliencia humana. Su ic\u00f3nica presencia y la historia que encierra lo convierten en un lugar de encuentro, donde se entrelazan el pasado y el presente, record\u00e1ndonos la importancia de levantarse una y otra vez.<\/p>\t\t\t\t\t\t<\/div>\n\t\t\t\t<\/div>\n\t\t\t\t\t<\/div>\n\t\t<\/div>\n\t\t\t\t\t<\/div>\n\t\t<\/section>\n\t\t\t\t<section class=\"elementor-section elementor-top-section elementor-element elementor-element-036aa60 elementor-section-boxed elementor-section-height-default elementor-section-height-default\" data-id=\"036aa60\" data-element_type=\"section\">\n\t\t\t\t\t\t<div class=\"elementor-container elementor-column-gap-no\">\n\t\t\t\t\t<div class=\"elementor-column elementor-col-33 elementor-top-column elementor-element elementor-element-34dfd58\" data-id=\"34dfd58\" data-element_type=\"column\">\n\t\t\t<div class=\"elementor-widget-wrap elementor-element-populated\">\n\t\t\t\t\t\t<div class=\"elementor-element elementor-element-0579ce6 elementor-widget__width-initial elementor-widget elementor-widget-image\" data-id=\"0579ce6\" data-element_type=\"widget\" data-widget_type=\"image.default\">\n\t\t\t\t<div class=\"elementor-widget-container\">\n\t\t\t<style>\/*! elementor - v3.22.0 - 26-06-2024 *\/\n.elementor-widget-image{text-align:center}.elementor-widget-image a{display:inline-block}.elementor-widget-image a img[src$=\".svg\"]{width:48px}.elementor-widget-image img{vertical-align:middle;display:inline-block}<\/style>\t\t\t\t\t\t\t\t\t\t<img fetchpriority=\"high\" decoding=\"async\" width=\"197\" height=\"276\" src=\"https:\/\/molinoliguay.cl\/wp-content\/uploads\/2024\/06\/foto.jpg\" class=\"attachment-full size-full wp-image-1442\" alt=\"\" \/>\t\t\t\t\t\t\t\t\t\t\t\t\t<\/div>\n\t\t\t\t<\/div>\n\t\t\t\t\t<\/div>\n\t\t<\/div>\n\t\t\t\t<div class=\"elementor-column elementor-col-66 elementor-top-column elementor-element elementor-element-acd7fe7\" data-id=\"acd7fe7\" data-element_type=\"column\">\n\t\t\t<div class=\"elementor-widget-wrap elementor-element-populated\">\n\t\t\t\t\t\t<div class=\"elementor-element elementor-element-6e90df7 elementor-view-default elementor-widget elementor-widget-icon\" data-id=\"6e90df7\" data-element_type=\"widget\" data-widget_type=\"icon.default\">\n\t\t\t\t<div class=\"elementor-widget-container\">\n\t\t\t\t\t<div class=\"elementor-icon-wrapper\">\n\t\t\t<div class=\"elementor-icon\">\n\t\t\t<i aria-hidden=\"true\" class=\"fas fa-quote-left\"><\/i>\t\t\t<\/div>\n\t\t<\/div>\n\t\t\t\t<\/div>\n\t\t\t\t<\/div>\n\t\t\t\t<div class=\"elementor-element elementor-element-71c4f17 elementor-widget elementor-widget-text-editor\" data-id=\"71c4f17\" data-element_type=\"widget\" data-widget_type=\"text-editor.default\">\n\t\t\t\t<div class=\"elementor-widget-container\">\n\t\t\t\t\t\t\t<p>Juan de Dios Fern\u00e1ndez Guajardo<\/p>\t\t\t\t\t\t<\/div>\n\t\t\t\t<\/div>\n\t\t\t\t<div class=\"elementor-element elementor-element-fe5902d elementor-widget elementor-widget-heading\" data-id=\"fe5902d\" data-element_type=\"widget\" data-widget_type=\"heading.default\">\n\t\t\t\t<div class=\"elementor-widget-container\">\n\t\t\t<h5 class=\"elementor-heading-title elementor-size-default\">Fundador de Molino Liguay en el a\u00f1o 1955 en la Ciudad de Longav\u00ed.<\/h5>\t\t<\/div>\n\t\t\t\t<\/div>\n\t\t\t\t\t<\/div>\n\t\t<\/div>\n\t\t\t\t\t<\/div>\n\t\t<\/section>\n\t\t\t\t<\/div>\n\t\t","protected":false},"excerpt":{"rendered":"<p>Historia Desde 1955 Produciendo la mejor harina por generaciones. Hace m\u00e1s de medio siglo, don Juan de Dios Fern\u00e1ndez Guajardo construy\u00f3 el majestuoso Molino Liguay en 1955, en la comuna de Longav\u00ed, a orillas del r\u00edo al cual debe su nombre. A lo largo de los a\u00f1os, ha resistido los embates del tiempo, erigi\u00e9ndose como [&hellip;]<\/p>\n","protected":false},"author":1,"featured_media":0,"parent":0,"menu_order":0,"comment_status":"closed","ping_status":"closed","template":"","meta":{"site-sidebar-layout":"no-sidebar","site-content-layout":"page-builder","ast-site-content-layout":"full-width-container","site-content-style":"unboxed","site-sidebar-style":"unboxed","ast-global-header-display":"","ast-banner-title-visibility":"","ast-main-header-display":"","ast-hfb-above-header-display":"","ast-hfb-below-header-display":"","ast-hfb-mobile-header-display":"","site-post-title":"disabled","ast-breadcrumbs-content":"disabled","ast-featured-img":"disabled","footer-sml-layout":"","theme-transparent-header-meta":"default","adv-header-id-meta":"","stick-header-meta":"","header-above-stick-meta":"","header-main-stick-meta":"","header-below-stick-meta":"","astra-migrate-meta-layouts":"set","ast-page-background-enabled":"default","ast-page-background-meta":{"desktop":{"background-color":"","background-image":"","background-repeat":"repeat","background-position":"center center","background-size":"auto","background-attachment":"scroll","background-type":"","background-media":"","overlay-type":"","overlay-color":"","overlay-opacity":"","overlay-gradient":""},"tablet":{"background-color":"","background-image":"","background-repeat":"repeat","background-position":"center center","background-size":"auto","background-attachment":"scroll","background-type":"","background-media":"","overlay-type":"","overlay-color":"","overlay-opacity":"","overlay-gradient":""},"mobile":{"background-color":"","background-image":"","background-repeat":"repeat","background-position":"center center","background-size":"auto","background-attachment":"scroll","background-type":"","background-media":"","overlay-type":"","overlay-color":"","overlay-opacity":"","overlay-gradient":""}},"ast-content-background-meta":{"desktop":{"background-color":"var(--ast-global-color-5)","background-image":"","background-repeat":"repeat","background-position":"center center","background-size":"auto","background-attachment":"scroll","background-type":"","background-media":"","overlay-type":"","overlay-color":"","overlay-opacity":"","overlay-gradient":""},"tablet":{"background-color":"var(--ast-global-color-5)","background-image":"","background-repeat":"repeat","background-position":"center center","background-size":"auto","background-attachment":"scroll","background-type":"","background-media":"","overlay-type":"","overlay-color":"","overlay-opacity":"","overlay-gradient":""},"mobile":{"background-color":"var(--ast-global-color-5)","background-image":"","background-repeat":"repeat","background-position":"center center","background-size":"auto","background-attachment":"scroll","background-type":"","background-media":"","overlay-type":"","overlay-color":"","overlay-opacity":"","overlay-gradient":""}},"footnotes":""},"class_list":["post-152","page","type-page","status-publish","hentry"],"yoast_head":"<!-- This site is optimized with the Yoast SEO plugin v23.0 - https:\/\/yoast.com\/wordpress\/plugins\/seo\/ -->\n<title>Historia - Molino Liguay<\/title>\n<meta name=\"robots\" content=\"index, follow, max-snippet:-1, max-image-preview:large, max-video-preview:-1\" \/>\n<link rel=\"canonical\" href=\"https:\/\/molinoliguay.cl\/index.php\/historia\/\" \/>\n<meta property=\"og:locale\" content=\"es_ES\" \/>\n<meta property=\"og:type\" content=\"article\" \/>\n<meta property=\"og:title\" content=\"Historia - Molino Liguay\" \/>\n<meta property=\"og:description\" content=\"Historia Desde 1955 Produciendo la mejor harina por generaciones. Hace m\u00e1s de medio siglo, don Juan de Dios Fern\u00e1ndez Guajardo construy\u00f3 el majestuoso Molino Liguay en 1955, en la comuna de Longav\u00ed, a orillas del r\u00edo al cual debe su nombre. A lo largo de los a\u00f1os, ha resistido los embates del tiempo, erigi\u00e9ndose como [&hellip;]\" \/>\n<meta property=\"og:url\" content=\"https:\/\/molinoliguay.cl\/index.php\/historia\/\" \/>\n<meta property=\"og:site_name\" content=\"Molino Liguay\" \/>\n<meta property=\"article:modified_time\" content=\"2024-06-05T02:47:09+00:00\" \/>\n<meta property=\"og:image\" content=\"https:\/\/molinoliguay.cl\/wp-content\/uploads\/2024\/06\/foto.jpg\" \/>\n<meta name=\"twitter:card\" content=\"summary_large_image\" \/>\n<meta name=\"twitter:label1\" content=\"Tiempo de lectura\" \/>\n\t<meta name=\"twitter:data1\" content=\"2 minutos\" \/>\n<script type=\"application\/ld+json\" class=\"yoast-schema-graph\">{\"@context\":\"https:\/\/schema.org\",\"@graph\":[{\"@type\":\"WebPage\",\"@id\":\"https:\/\/molinoliguay.cl\/index.php\/historia\/\",\"url\":\"https:\/\/molinoliguay.cl\/index.php\/historia\/\",\"name\":\"Historia - Molino Liguay\",\"isPartOf\":{\"@id\":\"https:\/\/molinoliguay.cl\/#website\"},\"primaryImageOfPage\":{\"@id\":\"https:\/\/molinoliguay.cl\/index.php\/historia\/#primaryimage\"},\"image\":{\"@id\":\"https:\/\/molinoliguay.cl\/index.php\/historia\/#primaryimage\"},\"thumbnailUrl\":\"https:\/\/molinoliguay.cl\/wp-content\/uploads\/2024\/06\/foto.jpg\",\"datePublished\":\"2021-05-18T01:54:43+00:00\",\"dateModified\":\"2024-06-05T02:47:09+00:00\",\"breadcrumb\":{\"@id\":\"https:\/\/molinoliguay.cl\/index.php\/historia\/#breadcrumb\"},\"inLanguage\":\"es\",\"potentialAction\":[{\"@type\":\"ReadAction\",\"target\":[\"https:\/\/molinoliguay.cl\/index.php\/historia\/\"]}]},{\"@type\":\"ImageObject\",\"inLanguage\":\"es\",\"@id\":\"https:\/\/molinoliguay.cl\/index.php\/historia\/#primaryimage\",\"url\":\"https:\/\/molinoliguay.cl\/wp-content\/uploads\/2024\/06\/foto.jpg\",\"contentUrl\":\"https:\/\/molinoliguay.cl\/wp-content\/uploads\/2024\/06\/foto.jpg\",\"width\":197,\"height\":276},{\"@type\":\"BreadcrumbList\",\"@id\":\"https:\/\/molinoliguay.cl\/index.php\/historia\/#breadcrumb\",\"itemListElement\":[{\"@type\":\"ListItem\",\"position\":1,\"name\":\"Portada\",\"item\":\"https:\/\/molinoliguay.cl\/\"},{\"@type\":\"ListItem\",\"position\":2,\"name\":\"Historia\"}]},{\"@type\":\"WebSite\",\"@id\":\"https:\/\/molinoliguay.cl\/#website\",\"url\":\"https:\/\/molinoliguay.cl\/\",\"name\":\"Molino Liguay\",\"description\":\"\",\"publisher\":{\"@id\":\"https:\/\/molinoliguay.cl\/#organization\"},\"potentialAction\":[{\"@type\":\"SearchAction\",\"target\":{\"@type\":\"EntryPoint\",\"urlTemplate\":\"https:\/\/molinoliguay.cl\/?s={search_term_string}\"},\"query-input\":\"required name=search_term_string\"}],\"inLanguage\":\"es\"},{\"@type\":\"Organization\",\"@id\":\"https:\/\/molinoliguay.cl\/#organization\",\"name\":\"Molino Liguay\",\"url\":\"https:\/\/molinoliguay.cl\/\",\"logo\":{\"@type\":\"ImageObject\",\"inLanguage\":\"es\",\"@id\":\"https:\/\/molinoliguay.cl\/#\/schema\/logo\/image\/\",\"url\":\"https:\/\/molinoliguay.cl\/wp-content\/uploads\/2023\/04\/logomolinoliguayfooter.svg\",\"contentUrl\":\"https:\/\/molinoliguay.cl\/wp-content\/uploads\/2023\/04\/logomolinoliguayfooter.svg\",\"width\":150,\"height\":75,\"caption\":\"Molino Liguay\"},\"image\":{\"@id\":\"https:\/\/molinoliguay.cl\/#\/schema\/logo\/image\/\"}}]}<\/script>\n<!-- \/ Yoast SEO plugin. -->","yoast_head_json":{"title":"Historia - Molino Liguay","robots":{"index":"index","follow":"follow","max-snippet":"max-snippet:-1","max-image-preview":"max-image-preview:large","max-video-preview":"max-video-preview:-1"},"canonical":"https:\/\/molinoliguay.cl\/index.php\/historia\/","og_locale":"es_ES","og_type":"article","og_title":"Historia - Molino Liguay","og_description":"Historia Desde 1955 Produciendo la mejor harina por generaciones. Hace m\u00e1s de medio siglo, don Juan de Dios Fern\u00e1ndez Guajardo construy\u00f3 el majestuoso Molino Liguay en 1955, en la comuna de Longav\u00ed, a orillas del r\u00edo al cual debe su nombre. A lo largo de los a\u00f1os, ha resistido los embates del tiempo, erigi\u00e9ndose como [&hellip;]","og_url":"https:\/\/molinoliguay.cl\/index.php\/historia\/","og_site_name":"Molino Liguay","article_modified_time":"2024-06-05T02:47:09+00:00","og_image":[{"url":"https:\/\/molinoliguay.cl\/wp-content\/uploads\/2024\/06\/foto.jpg"}],"twitter_card":"summary_large_image","twitter_misc":{"Tiempo de lectura":"2 minutos"},"schema":{"@context":"https:\/\/schema.org","@graph":[{"@type":"WebPage","@id":"https:\/\/molinoliguay.cl\/index.php\/historia\/","url":"https:\/\/molinoliguay.cl\/index.php\/historia\/","name":"Historia - Molino Liguay","isPartOf":{"@id":"https:\/\/molinoliguay.cl\/#website"},"primaryImageOfPage":{"@id":"https:\/\/molinoliguay.cl\/index.php\/historia\/#primaryimage"},"image":{"@id":"https:\/\/molinoliguay.cl\/index.php\/historia\/#primaryimage"},"thumbnailUrl":"https:\/\/molinoliguay.cl\/wp-content\/uploads\/2024\/06\/foto.jpg","datePublished":"2021-05-18T01:54:43+00:00","dateModified":"2024-06-05T02:47:09+00:00","breadcrumb":{"@id":"https:\/\/molinoliguay.cl\/index.php\/historia\/#breadcrumb"},"inLanguage":"es","potentialAction":[{"@type":"ReadAction","target":["https:\/\/molinoliguay.cl\/index.php\/historia\/"]}]},{"@type":"ImageObject","inLanguage":"es","@id":"https:\/\/molinoliguay.cl\/index.php\/historia\/#primaryimage","url":"https:\/\/molinoliguay.cl\/wp-content\/uploads\/2024\/06\/foto.jpg","contentUrl":"https:\/\/molinoliguay.cl\/wp-content\/uploads\/2024\/06\/foto.jpg","width":197,"height":276},{"@type":"BreadcrumbList","@id":"https:\/\/molinoliguay.cl\/index.php\/historia\/#breadcrumb","itemListElement":[{"@type":"ListItem","position":1,"name":"Portada","item":"https:\/\/molinoliguay.cl\/"},{"@type":"ListItem","position":2,"name":"Historia"}]},{"@type":"WebSite","@id":"https:\/\/molinoliguay.cl\/#website","url":"https:\/\/molinoliguay.cl\/","name":"Molino Liguay","description":"","publisher":{"@id":"https:\/\/molinoliguay.cl\/#organization"},"potentialAction":[{"@type":"SearchAction","target":{"@type":"EntryPoint","urlTemplate":"https:\/\/molinoliguay.cl\/?s={search_term_string}"},"query-input":"required name=search_term_string"}],"inLanguage":"es"},{"@type":"Organization","@id":"https:\/\/molinoliguay.cl\/#organization","name":"Molino Liguay","url":"https:\/\/molinoliguay.cl\/","logo":{"@type":"ImageObject","inLanguage":"es","@id":"https:\/\/molinoliguay.cl\/#\/schema\/logo\/image\/","url":"https:\/\/molinoliguay.cl\/wp-content\/uploads\/2023\/04\/logomolinoliguayfooter.svg","contentUrl":"https:\/\/molinoliguay.cl\/wp-content\/uploads\/2023\/04\/logomolinoliguayfooter.svg","width":150,"height":75,"caption":"Molino Liguay"},"image":{"@id":"https:\/\/molinoliguay.cl\/#\/schema\/logo\/image\/"}}]}},"_links":{"self":[{"href":"https:\/\/molinoliguay.cl\/index.php\/wp-json\/wp\/v2\/pages\/152","targetHints":{"allow":["GET"]}}],"collection":[{"href":"https:\/\/molinoliguay.cl\/index.php\/wp-json\/wp\/v2\/pages"}],"about":[{"href":"https:\/\/molinoliguay.cl\/index.php\/wp-json\/wp\/v2\/types\/page"}],"author":[{"embeddable":true,"href":"https:\/\/molinoliguay.cl\/index.php\/wp-json\/wp\/v2\/users\/1"}],"replies":[{"embeddable":true,"href":"https:\/\/molinoliguay.cl\/index.php\/wp-json\/wp\/v2\/comments?post=152"}],"version-history":[{"count":33,"href":"https:\/\/molinoliguay.cl\/index.php\/wp-json\/wp\/v2\/pages\/152\/revisions"}],"predecessor-version":[{"id":1446,"href":"https:\/\/molinoliguay.cl\/index.php\/wp-json\/wp\/v2\/pages\/152\/revisions\/1446"}],"wp:attachment":[{"href":"https:\/\/molinoliguay.cl\/index.php\/wp-json\/wp\/v2\/media?parent=152"}],"curies":[{"name":"wp","href":"https:\/\/api.w.org\/{rel}","templated":true}]}}